{"id":848,"date":"2024-05-21T09:07:41","date_gmt":"2024-05-21T09:07:41","guid":{"rendered":"https:\/\/cropoint.com\/privacy-policy\/"},"modified":"2024-12-27T16:49:40","modified_gmt":"2024-12-27T16:49:40","slug":"privacy-policy","status":"publish","type":"page","link":"https:\/\/cropoint.com\/hr\/privacy-policy\/","title":{"rendered":"Politika privatnosti i uvjeti kori\u0161tenja"},"content":{"rendered":"\t\t<div data-elementor-type=\"wp-page\" data-elementor-id=\"848\" class=\"elementor elementor-848 elementor-3\" data-elementor-post-type=\"page\">\n\t\t\t\t<div class=\"elementor-element elementor-element-81fbc0d e-con-full e-flex e-con e-parent\" data-id=\"81fbc0d\" data-element_type=\"container\">\n\t\t\t\t<div class=\"elementor-element elementor-element-9c34340 elementor-widget__width-initial elementor-widget elementor-widget-heading\" data-id=\"9c34340\" data-element_type=\"widget\" data-widget_type=\"heading.default\">\n\t\t\t\t<div class=\"elementor-widget-container\">\n\t\t\t\t\t<h1 class=\"elementor-heading-title elementor-size-default\">Politika privatnosti i uvjeti kori\u0161tenja\n\n<\/h1>\t\t\t\t<\/div>\n\t\t\t\t<\/div>\n\t\t\t\t<div class=\"elementor-element elementor-element-99314f2 elementor-widget__width-initial elementor-widget elementor-widget-text-editor\" data-id=\"99314f2\" data-element_type=\"widget\" data-widget_type=\"text-editor.default\">\n\t\t\t\t<div class=\"elementor-widget-container\">\n\t\t\t\t\t\t\t\t\t<p class=\"MuiTypography-root MuiTypography-body1 MuiTypography-paragraph css-1sygqeu\">Po\u0161tovani korisnici aplikacije Cropointa,<\/p>\n<p class=\"MuiTypography-root MuiTypography-body1 MuiTypography-paragraph css-1sygqeu\">Va\u0161a registracija u Cropointu omogu\u0107uje prikupljanje, pohranu i obradu va\u0161ih osobnih podataka.<\/p>\n<p class=\"MuiTypography-root MuiTypography-body1 MuiTypography-paragraph css-1sygqeu\"><strong>Voditelj obrade podataka<\/strong>\u00a0je Sredi\u0161nji dr\u017eavni ured za Hrvate izvan Republike Hrvatske (Ured).<\/p>\n<hr class=\"MuiDivider-root MuiDivider-fullWidth css-vax71z\" \/>\n<p class=\"MuiTypography-root MuiTypography-body1 MuiTypography-gutterBottom css-jufjrp\">Cropoint podrazumijeva dva oblika prikupljanja podataka o vama kao fizi\u010dkoj ili pravnoj osobi:<\/p>\n<ul class=\"MuiList-root MuiList-padding css-1vsdway\">\n<li class=\"MuiListItem-root MuiListItem-gutters MuiListItem-padding css-c680nf\">Podaci koje upisujete tijekom registracijskog postupka<\/li>\n<li class=\"MuiListItem-root MuiListItem-gutters MuiListItem-padding css-c680nf\">Zapis korisnika Cropointa (podaci koje upisujete, izmjenjujete i\/ili odr\u017eavate kao vlasnik nakon registracijskog postupka i prijave u aplikaciju)<\/li>\n<\/ul>\n<p class=\"MuiTypography-root MuiTypography-body1 MuiTypography-paragraph css-1gguskl\">Molimo da pa\u017eljivo pro\u010ditate uvjete pod kojima Ured prikuplja, pohranjuje i obra\u0111uje va\u0161e osobne podatke, a u skladu s:<\/p>\n<div class=\"MuiBox-root css-fte7z6\">\n<p class=\"MuiTypography-root MuiTypography-body1 MuiTypography-paragraph css-1sygqeu\">UREDBOM (EU) 2016\/679 EUROPSKOG PARLAMENTA I VIJE\u0106A<br \/>od 27. travnja 2016.<br \/>o za\u0161titi pojedinaca u vezi s obradom osobnih podataka i o slobodnom kretanju takvih podataka te o stavljanju izvan snage Direktive 95\/46\/EZ (Op\u0107a uredba o za\u0161titi podataka)<\/p>\n<\/div>\n<p class=\"MuiTypography-root MuiTypography-body1 MuiTypography-gutterBottom css-1n7cyci\">i to naro\u010dito \u010dlankom 13. Uredbe, u smislu pru\u017eanja sljede\u0107ih informacija vama kao korisniku Cropointa, a u svojstvu ispitanika:<\/p>\n<ul class=\"MuiList-root MuiList-padding css-9g5211\">\n<li class=\"MuiListItem-root MuiListItem-gutters MuiListItem-padding css-c680nf\"><strong>Voditelj obrade:<\/strong>\u00a0Sredi\u0161nji dr\u017eavni ured za Hrvate izvan Republike Hrvatske.<\/li>\n<li class=\"MuiListItem-root MuiListItem-gutters MuiListItem-padding css-c680nf\"><strong>Slu\u017ebenik za za\u0161titu podataka:<\/strong>\u00a0<a class=\"MuiTypography-root MuiTypography-inherit MuiLink-root MuiLink-underlineAlways css-1vlocnl\" href=\"mailto:kabinet@hrvatiizvanrh.hr\" target=\"_blank\" rel=\"noopener noreferrer\">kabinet@hrvatiizvanrh.hr<\/a><\/li>\n<li class=\"MuiListItem-root MuiListItem-gutters MuiListItem-padding css-c680nf\">Svrhe obrade radi kojih se upotrebljavaju osobni podaci su utvr\u0111ene Zakonom o odnosima Republike Hrvatske s Hrvatima izvan Republike Hrvatske.<\/li>\n<li class=\"MuiListItem-root MuiListItem-gutters MuiListItem-padding css-c680nf\"><strong>Pravna osnova za obradu:<\/strong>\u00a0privola ispitanika koja se mo\u017ee svakodobno povu\u0107i, a koja je vezana uz slu\u017ebene ovlasti Ureda iz Zakona o odnosima Republike Hrvatske s Hrvatima izvan Republike Hrvatske.<\/li>\n<li class=\"MuiListItem-root MuiListItem-gutters MuiListItem-padding css-c680nf\"><strong>Kategorija ispitanika:<\/strong>\u00a0pojedinci koji su se upisali u Cropoint.<\/li>\n<li class=\"MuiListItem-root MuiListItem-gutters MuiListItem-padding css-c680nf\"><strong>Primatelji ili kategorije primatelja osobnih podataka:<\/strong>\u00a0Pretra\u017eivanje Cropointa je dostupno samo registriranim korisnicima, pri \u010demu ispitanik sam odlu\u010duje o opsegu njegovih osobnih podataka koji \u0107e biti dostupni drugima i to ozna\u010davanjem podataka koji \u0107e biti dostupni (opt-in pristup).<\/li>\n<li class=\"MuiListItem-root MuiListItem-gutters MuiListItem-padding css-c680nf\">Voditelj obrade ne namjerava osobne podatke prenijeti tre\u0107oj zemlji ili me\u0111unarodnoj organizaciji.<\/li>\n<li class=\"MuiListItem-root MuiListItem-gutters MuiListItem-padding css-c680nf\"><strong>Razdoblje u kojem \u0107e osobni podaci biti pohranjeni:<\/strong>\u00a0pohranjuju se trajno u Cropointu, uz mogu\u0107nost ispitanika (korisnika Cropointa) da u svakom trenutku zapise kojih je vlasnik (podaci u Cropointu i korisni\u010dki profil) privremeno deaktivira (u\u010dini nedostupnim) ili trajno obri\u0161e (\u201epravo na zaborav\u201c, \u010dlanak 17. Uredbe).<\/li>\n<li class=\"MuiListItem-root MuiListItem-gutters MuiListItem-padding css-c680nf\">Ispitanik (korisnik Cropointa) ima pravo pristupa svojim osobnim podacima, pravo na ispravak, brisanje i ograni\u010davanje obrade osobnih podataka, kao i pravo na prenosivost istih. Podaci profila korisnika nisu javno vidljivi. Polja zapisa u Cropointu koja se odnose na osobne podatke su javno nedostupna za sve korisnike koji nisu registrirani.<\/li>\n<li class=\"MuiListItem-root MuiListItem-gutters MuiListItem-padding css-c680nf\">Ukoliko ispitanik (korisnik Cropointa) \u017eeli deaktivirati ili obrisati svoje osobne podatke iz Cropointa, a nije u mogu\u0107nosti to sam u\u010diniti, ima pravo u svakom trenutku postaviti takav zahtjev slu\u017ebenim obra\u0107anjem voditelju obrade (Uredu).<\/li>\n<li class=\"MuiListItem-root MuiListItem-gutters MuiListItem-padding css-c680nf\">Ispitanik (korisnik Cropointa) ima pravo na podno\u0161enje prigovora nadzornom tijelu:\u00a0<a class=\"MuiTypography-root MuiTypography-inherit MuiLink-root MuiLink-underlineAlways css-1vlocnl\" href=\"https:\/\/azop.hr\/\" target=\"_blank\" rel=\"noopener noreferrer\">Agenciji za za\u0161titu osobnih podataka<\/a>.<\/li>\n<li class=\"MuiListItem-root MuiListItem-gutters MuiListItem-padding css-c680nf\">Registracija i prijava u Cropoint je za ispitanika (korisnika Cropointa) posve dobrovoljna, \u0161to ispitanik potvr\u0111uje pro\u010ditanim uvjetima pristupanja i suglasno\u0161\u0107u na dva mjesta.<\/li>\n<li class=\"MuiListItem-root MuiListItem-gutters MuiListItem-padding css-c680nf\">Registracijom u Cropointu automatski se izra\u0111uje profil ispitanika (korisnika Cropointa) u kojem se nalaze podaci koji omogu\u0107uju obradu (npr. korisni\u010dko ime, e-mail adresa za obavijesti, uloga korisnika itd.). Ovi se podaci nikada ne objavljuju niti se prenose tre\u0107im stranama.<\/li>\n<\/ul>\n<p class=\"MuiTypography-root MuiTypography-body1 MuiTypography-paragraph css-1gguskl\">Prilikom registracije, klikom na gumb \u201eX\u201c prekidate postupak registracije, pri \u010demu nikakav osobni podatak (uklju\u010divo ra\u010dunalna adresa s koje ste pristupili aplikaciji Cropointa) ne\u0107e biti pohranjen u bazi podataka Cropointa niti igdje drugdje objavljen.<\/p>\n<p class=\"MuiTypography-root MuiTypography-body1 MuiTypography-paragraph css-1sygqeu\">Klikom na gumb \u201ePotvr\u0111ujem da sam pro\u010ditao\/pro\u010ditala i da sam suglasan\/suglasna s uvjetima pristupanja Cropointa\u201c omogu\u0107uje vam se unos osobnih podataka u Cropoint, ali ne i njihova javna objava.<\/p>\n<p class=\"MuiTypography-root MuiTypography-body1 MuiTypography-gutterBottom css-ixa48z\">Popis osobnih podataka koji se putem obveznih polja prikupljaju u Cropointu:<\/p>\n<ul class=\"MuiList-root MuiList-padding css-1k32ynq\">\n<li class=\"MuiListItem-root MuiListItem-gutters MuiListItem-padding css-c680nf\">Ime i prezime (nadimak)<\/li>\n<li class=\"MuiListItem-root MuiListItem-gutters MuiListItem-padding css-c680nf\">Email<\/li>\n<li class=\"MuiListItem-root MuiListItem-gutters MuiListItem-padding css-c680nf\">Dr\u017eava<\/li>\n<li class=\"MuiListItem-root MuiListItem-gutters MuiListItem-padding css-c680nf\">Spol<\/li>\n<li class=\"MuiListItem-root MuiListItem-gutters MuiListItem-padding css-c680nf\">Datum ro\u0111enja<\/li>\n<li class=\"MuiListItem-root MuiListItem-gutters MuiListItem-padding css-c680nf\">Fizi\u010dka ili pravna osoba<\/li>\n<\/ul>\n<p class=\"MuiTypography-root MuiTypography-body1 MuiTypography-paragraph css-1gguskl\">Nakon uspje\u0161ne registracije, korisnicima se pru\u017ea mogu\u0107nost ure\u0111ivanja postavki vezanih uz kreirani profil klikom na &#8220;Postavke&#8221; pri donjem lijevom dijelu zaslona aplikacije. Izme\u0111u niza opcija, korisnik \u0107e mo\u0107i mijenjati osobne podatke klikom na &#8220;Uredi osobne podatke&#8221;. Sve izmjene koje korisnik napravi, spremaju se klikom na gumb \u201eSPREMI\u201c.<\/p>\n<p class=\"MuiTypography-root MuiTypography-body1 MuiTypography-paragraph css-1gguskl\">Pitanja vezana uz za\u0161titu privatnosti mogu se uputiti elektroni\u010dkom po\u0161tom na\u00a0<a class=\"MuiTypography-root MuiTypography-inherit MuiLink-root MuiLink-underlineAlways css-1vlocnl\" href=\"mailto:cropoint@hrvatiizvanrh.hr\" target=\"_blank\" rel=\"noopener noreferrer\">cropoint@hrvatiizvanrh.hr<\/a>.<\/p>\n<p class=\"MuiTypography-root MuiTypography-body1 MuiTypography-paragraph css-1sygqeu\">Ured jam\u010di da \u0107e podatke prikupljene u Cropointu koristiti samo u svrhe opisane u obrascu. U skladu s Politikom privatnosti Ured ne\u0107e, bez izri\u010dite privole korisnika Cropointa, objavljivati njihove osobne podatke niti ih proslje\u0111ivati tre\u0107im osobama. U slu\u010daju iskazivanja interesa za povezivanjem i suradnjom od strane tre\u0107ih (fizi\u010dkih ili pravnih) osoba, odluka o uspostavljanju kontakta bit \u0107e prepu\u0161tena izabranim korisnicima Cropointa.<\/p>\n<p class=\"MuiTypography-root MuiTypography-body1 MuiTypography-paragraph css-1gguskl\">Ured ne preuzima odgovornost za to\u010dnost i autenti\u010dnost upisa od strane korisnika Cropointa. Administratori \u0107e povremeno provjeravati sadr\u017eaj Cropointa, uklju\u010duju\u0107i provjeru prijava neprimjerenog sadr\u017eaja ili zlonamjernog kori\u0161tenja Cropointa. Svaki oblik neprimjerenog sadr\u017eaja, la\u017enog upisa ili govora mr\u017enje bit \u0107e uklonjen, a svaki zlonamjerni korisnik blokiran.<\/p>\t\t\t\t\t\t\t\t<\/div>\n\t\t\t\t<\/div>\n\t\t\t\t<\/div>\n\t\t\t\t<\/div>\n\t\t","protected":false},"excerpt":{"rendered":"<p>Politika privatnosti i uvjeti kori\u0161tenja Po\u0161tovani korisnici aplikacije Cropointa, Va\u0161a registracija u Cropointu omogu\u0107uje prikupljanje, pohranu i obradu va\u0161ih osobnih podataka. Voditelj obrade podataka\u00a0je Sredi\u0161nji dr\u017eavni ured za Hrvate izvan Republike Hrvatske (Ured). Cropoint podrazumijeva dva oblika prikupljanja podataka o vama kao fizi\u010dkoj ili pravnoj osobi: Podaci koje upisujete tijekom registracijskog postupka Zapis korisnika Cropointa [&hellip;]<\/p>\n","protected":false},"author":1,"featured_media":0,"parent":0,"menu_order":0,"comment_status":"closed","ping_status":"open","template":"","meta":{"footnotes":""},"class_list":["post-848","page","type-page","status-publish","hentry"],"_links":{"self":[{"href":"https:\/\/cropoint.com\/hr\/wp-json\/wp\/v2\/pages\/848","targetHints":{"allow":["GET"]}}],"collection":[{"href":"https:\/\/cropoint.com\/hr\/wp-json\/wp\/v2\/pages"}],"about":[{"href":"https:\/\/cropoint.com\/hr\/wp-json\/wp\/v2\/types\/page"}],"author":[{"embeddable":true,"href":"https:\/\/cropoint.com\/hr\/wp-json\/wp\/v2\/users\/1"}],"replies":[{"embeddable":true,"href":"https:\/\/cropoint.com\/hr\/wp-json\/wp\/v2\/comments?post=848"}],"version-history":[{"count":7,"href":"https:\/\/cropoint.com\/hr\/wp-json\/wp\/v2\/pages\/848\/revisions"}],"predecessor-version":[{"id":857,"href":"https:\/\/cropoint.com\/hr\/wp-json\/wp\/v2\/pages\/848\/revisions\/857"}],"wp:attachment":[{"href":"https:\/\/cropoint.com\/hr\/wp-json\/wp\/v2\/media?parent=848"}],"curies":[{"name":"wp","href":"https:\/\/api.w.org\/{rel}","templated":true}]}}