{"id":868,"date":"2024-05-21T09:07:41","date_gmt":"2024-05-21T09:07:41","guid":{"rendered":"https:\/\/cropoint.com\/privacy-policy-and-terms-of-use\/"},"modified":"2024-12-28T00:16:35","modified_gmt":"2024-12-28T00:16:35","slug":"privacy-policy","status":"publish","type":"page","link":"https:\/\/cropoint.com\/es\/privacy-policy\/","title":{"rendered":"Privacy Policy and terms of use"},"content":{"rendered":"\t\t<div data-elementor-type=\"wp-page\" data-elementor-id=\"868\" class=\"elementor elementor-868 elementor-3\" data-elementor-post-type=\"page\">\n\t\t\t\t<div class=\"elementor-element elementor-element-81fbc0d e-con-full e-flex e-con e-parent\" data-id=\"81fbc0d\" data-element_type=\"container\">\n\t\t\t\t<div class=\"elementor-element elementor-element-9c34340 elementor-widget__width-initial elementor-widget elementor-widget-heading\" data-id=\"9c34340\" data-element_type=\"widget\" data-widget_type=\"heading.default\">\n\t\t\t\t<div class=\"elementor-widget-container\">\n\t\t\t\t\t<h1 class=\"elementor-heading-title elementor-size-default\">Pol\u00edtica de privacidad y t\u00e9rminos de uso<\/h1>\t\t\t\t<\/div>\n\t\t\t\t<\/div>\n\t\t\t\t<div class=\"elementor-element elementor-element-99314f2 elementor-widget__width-initial elementor-widget elementor-widget-text-editor\" data-id=\"99314f2\" data-element_type=\"widget\" data-widget_type=\"text-editor.default\">\n\t\t\t\t<div class=\"elementor-widget-container\">\n\t\t\t\t\t\t\t\t\t<p class=\"MuiTypography-root MuiTypography-body1 MuiTypography-paragraph css-1sygqeu\">Estimados usuarios de la aplicaci\u00f3n Cropoint,<\/p><p class=\"MuiTypography-root MuiTypography-body1 MuiTypography-paragraph css-1sygqeu\">su registro en Cropoint permite la recopilaci\u00f3n, almacenamiento y tratamiento de sus datos personales.<\/p><p class=\"MuiTypography-root MuiTypography-body1 MuiTypography-paragraph css-1sygqeu\"><strong>El responsable del tratamiento de datos<\/strong>\u00a0es la Oficina Central Estatal para los Croatas fuera de la Rep\u00fablica de Croacia (Oficina).<\/p><hr class=\"MuiDivider-root MuiDivider-fullWidth css-vax71z\" \/><p class=\"MuiTypography-root MuiTypography-body1 MuiTypography-gutterBottom css-jufjrp\">Cropoint abarca dos formas de recopilaci\u00f3n de datos sobre usted como persona f\u00edsica o jur\u00eddica:<\/p><ul class=\"MuiList-root MuiList-padding css-1vsdway\"><li class=\"MuiListItem-root MuiListItem-gutters MuiListItem-padding css-c680nf\">Datos que ingresa durante el proceso de registro<\/li><li class=\"MuiListItem-root MuiListItem-gutters MuiListItem-padding css-c680nf\">sus datos como usuario de Cropoint (datos que introduce, modifica y\/o mantiene como propietario despu\u00e9s del proceso de registro e inicio de sesi\u00f3n en la aplicaci\u00f3n)<\/li><\/ul><p class=\"MuiTypography-root MuiTypography-body1 MuiTypography-paragraph css-1gguskl\">Por favor, lea atentamente las condiciones bajo las cuales la Oficina recopila, almacena y procesa sus datos personales, de conformidad con el<\/p><div class=\"MuiBox-root css-fte7z6\"><p class=\"MuiTypography-root MuiTypography-body1 MuiTypography-paragraph css-1sygqeu\">REGLAMENTO (UE) 2016\/679 DEL PARLAMENTO EUROPEO Y DEL CONSEJO<br \/>de 27 de abril de 2016<br \/>relativo a la protecci\u00f3n de las personas f\u00edsicas en lo que respecta al tratamiento de datos personales y a la libre circulaci\u00f3n de estos datos y por el que se deroga la Directiva 95\/46\/CE<br \/>(Reglamento general de protecci\u00f3n de datos)<\/p><\/div><p class=\"MuiTypography-root MuiTypography-body1 MuiTypography-gutterBottom css-jufjrp\">y en particular el art\u00edculo 13 del Reglamento, para poder proporcionarle a usted, como interesado y usuario de Cropoint, la siguiente informaci\u00f3n:<\/p><ul class=\"MuiList-root MuiList-padding css-9g5211\"><li class=\"MuiListItem-root MuiListItem-gutters MuiListItem-padding css-c680nf\"><strong>Responsable del tratamiento de datos:<\/strong>\u00a0Oficina Central Estatal para los Croatas fuera de la Rep\u00fablica de Croacia.<\/li><li class=\"MuiListItem-root MuiListItem-gutters MuiListItem-padding css-c680nf\"><strong>Encargado de la protecci\u00f3n de datos:<\/strong>\u00a0<a class=\"MuiTypography-root MuiTypography-inherit MuiLink-root MuiLink-underlineAlways css-1vlocnl\" href=\"mailto:kabinet@hrvatiizvanrh.hr\" target=\"_blank\" rel=\"noopener noreferrer\">kabinet@hrvatiizvanrh.hr<\/a><\/li><li class=\"MuiListItem-root MuiListItem-gutters MuiListItem-padding css-c680nf\">Las finalidades del tratamiento para las que se utilizan los datos personales est\u00e1n establecidas en la Ley de Relaciones de la Rep\u00fablica de Croacia con los Croatas fuera de la Rep\u00fablica de Croacia.<\/li><li class=\"MuiListItem-root MuiListItem-gutters MuiListItem-padding css-c680nf\"><strong>La base jur\u00eddica del tratamiento de datos:<\/strong>\u00a0el consentimiento del interesado, que puede revocarse en cualquier momento, y que est\u00e1 vinculado a las competencias oficiales de la Oficina seg\u00fan la Ley de Relaciones de la Rep\u00fablica de Croacia con los Croatas fuera de la Rep\u00fablica de Croacia.<\/li><li class=\"MuiListItem-root MuiListItem-gutters MuiListItem-padding css-c680nf\"><strong>La categor\u00eda de los interesados:<\/strong>\u00a0personas que se han registrado en Cropoint.<\/li><li class=\"MuiListItem-root MuiListItem-gutters MuiListItem-padding css-c680nf\"><strong>Destinatarios o categor\u00edas de destinatarios de los datos personales:<\/strong>\u00a0La b\u00fasqueda de Cropoint est\u00e1 disponible solo para usuarios registrados, y el interesado decide cu\u00e1les de sus datos personales estar\u00e1n disponibles a otros usuarios, marcando los datos que estar\u00e1n disponibles (acceso opt-in).<\/li><li class=\"MuiListItem-root MuiListItem-gutters MuiListItem-padding css-c680nf\">El responsable del tratamiento no tiene intenci\u00f3n de transferir datos personales a un tercer pa\u00eds o a una organizaci\u00f3n internacional.<\/li><li class=\"MuiListItem-root MuiListItem-gutters MuiListItem-padding css-c680nf\">Per\u00edodo de almacenamiento de los datos personales: se almacenan de forma permanente en Cropoint, con la posibilidad de que el interesado (usuario de Cropoint) pueda desactivar temporalmente (hacerlos inaccesibles) o eliminar permanentemente (\u00abderecho al olvido\u00bb, art\u00edculo 17 del Reglamento) en cualquier momento los registros de los que es propietario (datos en Cropoint y perfil de usuario).<\/li><li class=\"MuiListItem-root MuiListItem-gutters MuiListItem-padding css-c680nf\">El interesado (usuario de Cropoint) tiene derecho a acceder a sus datos personales, derecho a corregirlos, eliminarlos, limitar su tratamiento y derecho a su portabilidad. Los datos del perfil del usuario no son visibles p\u00fablicamente. Los campos de registro en Cropoint que se refieren a datos personales no son p\u00fablicamente accesibles para todos los usuarios que no est\u00e9n registrados.<\/li><li class=\"MuiListItem-root MuiListItem-gutters MuiListItem-padding css-c680nf\">Si el interesado (usuario de Cropoint) desea desactivar o eliminar sus datos personales de Cropoint, y no puede hacerlo \u00e9l mismo, tiene derecho en cualquier momento a presentar dicha solicitud formalmente al responsable del tratamiento de datos (Oficina).<\/li><li class=\"MuiListItem-root MuiListItem-gutters MuiListItem-padding css-c680nf\">El interesado (usuario de Cropoint) tiene derecho a presentar una queja ante la autoridad de supervisi\u00f3n:\u00a0<a class=\"MuiTypography-root MuiTypography-inherit MuiLink-root MuiLink-underlineAlways css-1vlocnl\" href=\"https:\/\/azop.hr\/\" target=\"_blank\" rel=\"noopener noreferrer\">Agencia para la Protecci\u00f3n de Datos Personales<\/a>.<\/li><li class=\"MuiListItem-root MuiListItem-gutters MuiListItem-padding css-c680nf\">El registro e inicio de sesi\u00f3n en Cropoint es completamente voluntario para el interesado (usuario de Cropoint), lo que el interesado confirma habiendo le\u00eddo los t\u00e9rminos de acceso y dado su consentimiento en dos ocasiones.<\/li><li class=\"MuiListItem-root MuiListItem-gutters MuiListItem-padding css-c680nf\">Al registrarse en Cropoint se crea autom\u00e1ticamente un perfil del interesado (usuario de Cropoint) que contiene los datos necesarios para el tratamiento (por ejemplo, nombre de usuario, direcci\u00f3n de correo electr\u00f3nico para notificaciones, rol del usuario, etc.). Estos datos nunca se publican ni se transfieren a terceros.<\/li><\/ul><p class=\"MuiTypography-root MuiTypography-body1 MuiTypography-paragraph css-1gguskl\">Durante el registro, haciendo clic en el bot\u00f3n \u00abX\u00bb se cancela el proceso de registro, y ning\u00fan dato personal (incluida la direcci\u00f3n IP desde la que accedi\u00f3 a la aplicaci\u00f3n Cropoint) se almacenar\u00e1 en la base de datos de Cropoint ni se publicar\u00e1 en ning\u00fan otro lugar.<\/p><p class=\"MuiTypography-root MuiTypography-body1 MuiTypography-paragraph css-1sygqeu\">Haciendo clic en el bot\u00f3n \u201cConfirmo que he le\u00eddo y estoy de acuerdo con los t\u00e9rminos de acceso a Cropoint\u201d se le permite ingresar sus datos personales en Cropoint, pero no publicarlos.<\/p><p class=\"MuiTypography-root MuiTypography-body1 MuiTypography-gutterBottom css-jufjrp\">Lista de datos personales que se recopilan en Cropoint a trav\u00e9s de campos obligatorios:<\/p><ul class=\"MuiList-root MuiList-padding css-1k32ynq\"><li class=\"MuiListItem-root MuiListItem-gutters MuiListItem-padding css-c680nf\">Nombre y apellido (apodo)<\/li><li class=\"MuiListItem-root MuiListItem-gutters MuiListItem-padding css-c680nf\">Correo electr\u00f3nico<\/li><li class=\"MuiListItem-root MuiListItem-gutters MuiListItem-padding css-c680nf\">Pa\u00eds<\/li><li class=\"MuiListItem-root MuiListItem-gutters MuiListItem-padding css-c680nf\">Sexo<\/li><li class=\"MuiListItem-root MuiListItem-gutters MuiListItem-padding css-c680nf\">Fecha de nacimiento<\/li><li class=\"MuiListItem-root MuiListItem-gutters MuiListItem-padding css-c680nf\">Persona f\u00edsica o jur\u00eddica<\/li><\/ul><p class=\"MuiTypography-root MuiTypography-body1 MuiTypography-paragraph css-1gguskl\">Despu\u00e9s del registro exitoso, los usuarios tienen la opci\u00f3n de editar las configuraciones relacionadas con el perfil creado haciendo clic en \u00abConfiguraci\u00f3n\u00bb en la parte inferior izquierda de la pantalla de la aplicaci\u00f3n. Entre varias opciones, el usuario podr\u00e1 modificar los datos personales haciendo clic en \u00abEditar datos personales\u00bb. Todos los cambios realizados por el usuario se guardan haciendo clic en el bot\u00f3n \u00abGUARDAR\u00bb.<\/p><p class=\"MuiTypography-root MuiTypography-body1 MuiTypography-paragraph css-1gguskl\">Las preguntas relacionadas con la protecci\u00f3n de la privacidad pueden enviarse por correo electr\u00f3nico a\u00a0<a class=\"MuiTypography-root MuiTypography-inherit MuiLink-root MuiLink-underlineAlways css-1vlocnl\" href=\"mailto:cropoint@hrvatiizvanrh.hr\" target=\"_blank\" rel=\"noopener noreferrer\">cropoint@hrvatiizvanrh.hr<\/a>.<\/p><p class=\"MuiTypography-root MuiTypography-body1 MuiTypography-paragraph css-1sygqeu\">La Oficina garantiza que los datos recopilados en Cropoint se utilizar\u00e1n solo para los fines descritos en el formulario. De acuerdo con la Pol\u00edtica de Privacidad, la Oficina no publicar\u00e1 los datos personales de los usuarios de Cropoint ni los transferir\u00e1 a terceros sin su consentimiento expreso. En caso de inter\u00e9s por parte de terceros (personas f\u00edsicas o jur\u00eddicas) en establecer contactos y colaborar, la decisi\u00f3n de establecer un contacto se dejar\u00e1 a los usuarios seleccionados de Cropoint.<\/p><p class=\"MuiTypography-root MuiTypography-body1 MuiTypography-paragraph css-1gguskl\">La Oficina no se responsabiliza de la exactitud y autenticidad de los datos proporcionados por los usuarios de Cropoint. Los administradores revisar\u00e1n peri\u00f3dicamente el contenido de Cropoint, incluyendo la verificaci\u00f3n de reportes de contenido inapropiado o uso malintencionado de Cropoint. Cualquier forma de contenido inapropiado, registro falso o discurso de odio ser\u00e1 eliminado, y cualquier usuario malintencionado ser\u00e1 bloqueado.<\/p>\t\t\t\t\t\t\t\t<\/div>\n\t\t\t\t<\/div>\n\t\t\t\t<\/div>\n\t\t\t\t<\/div>\n\t\t","protected":false},"excerpt":{"rendered":"<p>Pol\u00edtica de privacidad y t\u00e9rminos de uso Estimados usuarios de la aplicaci\u00f3n Cropoint, su registro en Cropoint permite la recopilaci\u00f3n, almacenamiento y tratamiento de sus datos personales. El responsable del tratamiento de datos\u00a0es la Oficina Central Estatal para los Croatas fuera de la Rep\u00fablica de Croacia (Oficina). Cropoint abarca dos formas de recopilaci\u00f3n de datos [&hellip;]<\/p>\n","protected":false},"author":1,"featured_media":0,"parent":0,"menu_order":0,"comment_status":"closed","ping_status":"open","template":"","meta":{"footnotes":""},"class_list":["post-868","page","type-page","status-publish","hentry"],"_links":{"self":[{"href":"https:\/\/cropoint.com\/es\/wp-json\/wp\/v2\/pages\/868","targetHints":{"allow":["GET"]}}],"collection":[{"href":"https:\/\/cropoint.com\/es\/wp-json\/wp\/v2\/pages"}],"about":[{"href":"https:\/\/cropoint.com\/es\/wp-json\/wp\/v2\/types\/page"}],"author":[{"embeddable":true,"href":"https:\/\/cropoint.com\/es\/wp-json\/wp\/v2\/users\/1"}],"replies":[{"embeddable":true,"href":"https:\/\/cropoint.com\/es\/wp-json\/wp\/v2\/comments?post=868"}],"version-history":[{"count":11,"href":"https:\/\/cropoint.com\/es\/wp-json\/wp\/v2\/pages\/868\/revisions"}],"predecessor-version":[{"id":911,"href":"https:\/\/cropoint.com\/es\/wp-json\/wp\/v2\/pages\/868\/revisions\/911"}],"wp:attachment":[{"href":"https:\/\/cropoint.com\/es\/wp-json\/wp\/v2\/media?parent=868"}],"curies":[{"name":"wp","href":"https:\/\/api.w.org\/{rel}","templated":true}]}}