{"id":849,"date":"2024-05-21T09:07:41","date_gmt":"2024-05-21T09:07:41","guid":{"rendered":"https:\/\/cropoint.com\/privacy-policy\/"},"modified":"2024-12-27T16:50:51","modified_gmt":"2024-12-27T16:50:51","slug":"privacy-policy","status":"publish","type":"page","link":"https:\/\/cropoint.com\/de\/privacy-policy\/","title":{"rendered":"Datenschutzrichtlinien und Nutzungsbedingungen"},"content":{"rendered":"\t\t<div data-elementor-type=\"wp-page\" data-elementor-id=\"849\" class=\"elementor elementor-849 elementor-3\" data-elementor-post-type=\"page\">\n\t\t\t\t<div class=\"elementor-element elementor-element-81fbc0d e-con-full e-flex e-con e-parent\" data-id=\"81fbc0d\" data-element_type=\"container\">\n\t\t\t\t<div class=\"elementor-element elementor-element-9c34340 elementor-widget__width-initial elementor-widget elementor-widget-heading\" data-id=\"9c34340\" data-element_type=\"widget\" data-widget_type=\"heading.default\">\n\t\t\t\t<div class=\"elementor-widget-container\">\n\t\t\t\t\t<h1 class=\"elementor-heading-title elementor-size-default\">Datenschutzrichtlinien und Nutzungsbedingungen<\/h1>\t\t\t\t<\/div>\n\t\t\t\t<\/div>\n\t\t\t\t<div class=\"elementor-element elementor-element-99314f2 elementor-widget__width-initial elementor-widget elementor-widget-text-editor\" data-id=\"99314f2\" data-element_type=\"widget\" data-widget_type=\"text-editor.default\">\n\t\t\t\t<div class=\"elementor-widget-container\">\n\t\t\t\t\t\t\t\t\t<p class=\"MuiTypography-root MuiTypography-body1 MuiTypography-paragraph css-1sygqeu\">Sehr geehrte Nutzer der Cropoint-App,<\/p>\n<p class=\"MuiTypography-root MuiTypography-body1 MuiTypography-paragraph css-1sygqeu\">Ihre Registrierung bei Cropoint erm\u00f6glicht die Erfassung, Speicherung und Verarbeitung Ihrer pers\u00f6nlichen Daten.<\/p>\n<p class=\"MuiTypography-root MuiTypography-body1 MuiTypography-paragraph css-1sygqeu\"><strong>Verantwortlich f\u00fcr die Datenverarbeitung<\/strong>\u00a0ist das Zentralamt der Republik Kroatien f\u00fcr Kroaten au\u00dferhalb Kroatiens (das Amt).<\/p>\n<hr class=\"MuiDivider-root MuiDivider-fullWidth css-vax71z\" \/>\n<p class=\"MuiTypography-root MuiTypography-body1 MuiTypography-gutterBottom css-jufjrp\">Cropoint umfasst zwei Formen der Datenerfassung \u00fcber Sie als nat\u00fcrliche oder juristische Person:<\/p>\n<ul class=\"MuiList-root MuiList-padding css-1vsdway\">\n<li class=\"MuiListItem-root MuiListItem-gutters MuiListItem-padding css-c680nf\">Daten, die Sie w\u00e4hrend des Registrierungsprozesses eingeben<\/li>\n<li class=\"MuiListItem-root MuiListItem-gutters MuiListItem-padding css-c680nf\">Aufzeichnung der Cropoint-Nutzer (Daten, die Sie nach dem Registrierungsprozess und der Anmeldung in die App eingeben, \u00e4ndern und\/oder pflegen)<\/li>\n<\/ul>\n<p class=\"MuiTypography-root MuiTypography-body1 MuiTypography-paragraph css-1ypzdmj\">Bitte lesen Sie die Bedingungen sorgf\u00e4ltig durch, unter denen das Amt Ihre personenbezogenen Daten in \u00dcbereinstimmung mit der Verordnung (EU) 2016\/679 des Europ\u00e4ischen Parlaments und des Rates vom 27. April 2016 \u00fcber den Schutz nat\u00fcrlicher Personen bei der Verarbeitung personenbezogener Daten und \u00fcber den freien Datenverkehr sowie zur Aufhebung der Richtlinie 95\/46\/EG (Datenschutz-Grundverordnung), insbesondere Artikel 13 der Verordnung, erhebt, speichert und verarbeitet, und zwar im Hinblick auf die Bereitstellung der folgenden Informationen f\u00fcr Sie als Cropoint-Nutzer in Ihrer Eigenschaft als betroffene Person:<\/p>\n<ul class=\"MuiList-root MuiList-padding css-9g5211\">\n<li class=\"MuiListItem-root MuiListItem-gutters MuiListItem-padding css-c680nf\"><strong>Leiter f\u00fcr die Datenverarbeitung:<\/strong>\u00a0Das Zentralamt der Republik Kroatien f\u00fcr Kroaten au\u00dferhalb Kroatiens.<\/li>\n<li class=\"MuiListItem-root MuiListItem-gutters MuiListItem-padding css-c680nf\"><strong>Datenschutzbeauftragter:<\/strong>\u00a0<a class=\"MuiTypography-root MuiTypography-inherit MuiLink-root MuiLink-underlineAlways css-1vlocnl\" href=\"mailto:kabinet@hrvatiizvanrh.hr\" target=\"_blank\" rel=\"noopener noreferrer\">kabinet@hrvatiizvanrh.hr<\/a><\/li>\n<li class=\"MuiListItem-root MuiListItem-gutters MuiListItem-padding css-c680nf\">Zwecke der Verarbeitung, f\u00fcr die personenbezogene Daten verwendet werden, sind im Gesetz \u00fcber die Beziehungen der Republik Kroatien zu Kroaten au\u00dferhalb Kroatiens festgelegt.<\/li>\n<li class=\"MuiListItem-root MuiListItem-gutters MuiListItem-padding css-c680nf\"><strong>Rechtsgrundlage f\u00fcr die Verarbeitung:<\/strong>\u00a0die Einwilligung der betroffenen Person, die jederzeit widerrufen werden kann, und die an die gesetzlichen Befugnisse des Amtes gem\u00e4\u00df dem Gesetz \u00fcber die Beziehungen der Republik Kroatien zu Kroaten au\u00dferhalb Kroatiens gebunden ist.<\/li>\n<li class=\"MuiListItem-root MuiListItem-gutters MuiListItem-padding css-c680nf\"><strong>Kategorie der betroffenen Personen:<\/strong>\u00a0Personen, die sich in Cropoint eingetragen haben.<\/li>\n<li class=\"MuiListItem-root MuiListItem-gutters MuiListItem-padding css-c680nf\"><strong>Empf\u00e4nger oder Kategorien von Empf\u00e4ngern personenbezogener Daten:<\/strong>\u00a0Die Suche in Cropoint ist nur f\u00fcr registrierte Nutzer verf\u00fcgbar, wobei die betroffene Person selbst \u00fcber den Umfang der personenbezogenen Daten entscheidet, die anderen Nutzern zug\u00e4nglich gemacht werden, indem sie die daf\u00fcr vorgesehenen Daten markiert (Opt-in-Zugang).<\/li>\n<li class=\"MuiListItem-root MuiListItem-gutters MuiListItem-padding css-c680nf\">Der Verantwortliche beabsichtigt nicht, personenbezogene Daten an ein Drittland oder eine internationale Organisation zu \u00fcbermitteln.<\/li>\n<li class=\"MuiListItem-root MuiListItem-gutters MuiListItem-padding css-c680nf\"><strong>Dauer der Speicherung personenbezogener Date:<\/strong>\u00a0Die Daten werden dauerhaft in Cropoint gespeichert, wobei die betroffene Person (Cropoint-Nutzer) jederzeit das Recht hat, die Datens\u00e4tze, deren Inhaber sie ist (Daten in Cropoint und Benutzerprofil), vor\u00fcbergehend zu deaktivieren (unzug\u00e4nglich zu machen) oder dauerhaft zu l\u00f6schen (&#8222;Recht auf Vergessenwerden&#8220;, Artikel 17 der Verordnung).<\/li>\n<li class=\"MuiListItem-root MuiListItem-gutters MuiListItem-padding css-c680nf\">Die betroffene Person (Cropoint-Nutzer) hat das Recht auf Zugang zu ihren personenbezogenen Daten, das Recht auf Berichtigung, L\u00f6schung und Einschr\u00e4nkung der Verarbeitung personenbezogener Daten sowie das Recht auf \u00dcbertragbarkeit der Daten. Die Profildaten der Nutzer sind nicht \u00f6ffentlich sichtbar. Die Datens\u00e4tze in Cropoint, die personenbezogene Daten betreffen, sind f\u00fcr alle nicht registrierten Nutzer \u00f6ffentlich unzug\u00e4nglich.<\/li>\n<li class=\"MuiListItem-root MuiListItem-gutters MuiListItem-padding css-c680nf\">Wenn die betroffene Person (Cropoint-Nutzer) ihre personenbezogenen Daten aus Cropoint deaktivieren oder l\u00f6schen m\u00f6chte und nicht in der Lage ist, dies selbst zu tun, hat sie das Recht, jederzeit einen solchen Antrag durch eine offizielle Anfrage an den Verantwortlichen (das Amt) zu stellen.<\/li>\n<li class=\"MuiListItem-root MuiListItem-gutters MuiListItem-padding css-c680nf\">Die betroffene Person (Cropoint-Nutzer) hat das Recht, eine Beschwerde bei der Aufsichtsbeh\u00f6rde einzureichen:\u00a0<a class=\"MuiTypography-root MuiTypography-inherit MuiLink-root MuiLink-underlineAlways css-1vlocnl\" href=\"https:\/\/azop.hr\/\" target=\"_blank\" rel=\"noopener noreferrer\">Agentur f\u00fcr den Schutz personenbezogener Daten<\/a>.<\/li>\n<li class=\"MuiListItem-root MuiListItem-gutters MuiListItem-padding css-c680nf\">Die Registrierung und Anmeldung bei Cropoint ist f\u00fcr die betroffene Person (Cropoint-Nutzer) v\u00f6llig freiwillig, was die betroffene Person durch die Best\u00e4tigung der gelesenen Nutzungsbedingungen an zwei Stellen best\u00e4tigt.<\/li>\n<li class=\"MuiListItem-root MuiListItem-gutters MuiListItem-padding css-c680nf\">Durch die Registrierung bei Cropoint wird automatisch ein Profil der betroffenen Person (Cropoint-Nutzer) erstellt, das Daten enth\u00e4lt, die die Verarbeitung erm\u00f6glichen (z. B. Benutzername, E-Mail-Adresse f\u00fcr Benachrichtigungen, Benutzerrolle usw.). Diese Daten werden niemals ver\u00f6ffentlicht oder an Dritte weitergegeben.<\/li>\n<\/ul>\n<p class=\"MuiTypography-root MuiTypography-body1 MuiTypography-paragraph css-1gguskl\">W\u00e4hrend des Registrierungsprozesses k\u00f6nnen Sie den Registrierungsprozess durch Klicken auf die Schaltfl\u00e4che &#8222;X&#8220; abbrechen, wobei keine personenbezogenen Daten (einschlie\u00dflich der Computeradresse, von der aus Sie auf die Cropoint-App zugegriffen haben) in der Cropoint-Datenbank gespeichert oder anderweitig ver\u00f6ffentlicht werden.<\/p>\n<p class=\"MuiTypography-root MuiTypography-body1 MuiTypography-paragraph css-1sygqeu\">Durch Klicken auf die Schaltfl\u00e4che &#8222;Ich best\u00e4tige, dass ich die Nutzungsbedingungen von Cropoint gelesen habe und ihnen zustimme&#8220; wird es Ihnen erm\u00f6glicht, personenbezogene Daten in Cropoint einzugeben, jedoch nicht \u00f6ffentlich zug\u00e4nglich zu machen.<\/p>\n<p class=\"MuiTypography-root MuiTypography-body1 MuiTypography-gutterBottom css-ixa48z\">Liste der personenbezogenen Daten, die \u00fcber Pflichtfelder in Cropoint erhoben werden:<\/p>\n<ul class=\"MuiList-root MuiList-padding css-1k32ynq\">\n<li class=\"MuiListItem-root MuiListItem-gutters MuiListItem-padding css-c680nf\">Vor- und Nachname (Spitzname)<\/li>\n<li class=\"MuiListItem-root MuiListItem-gutters MuiListItem-padding css-c680nf\">E-Mail-Adresse<\/li>\n<li class=\"MuiListItem-root MuiListItem-gutters MuiListItem-padding css-c680nf\">Land<\/li>\n<li class=\"MuiListItem-root MuiListItem-gutters MuiListItem-padding css-c680nf\">Geschlecht<\/li>\n<li class=\"MuiListItem-root MuiListItem-gutters MuiListItem-padding css-c680nf\">Geburtsdatum<\/li>\n<li class=\"MuiListItem-root MuiListItem-gutters MuiListItem-padding css-c680nf\">Nat\u00fcrliche oder juristische Person<\/li>\n<\/ul>\n<p class=\"MuiTypography-root MuiTypography-body1 MuiTypography-paragraph css-1gguskl\">Nach erfolgreicher Registrierung haben die Nutzer die M\u00f6glichkeit, die Einstellungen ihres erstellten Profils zu \u00e4ndern, indem sie auf &#8222;Einstellungen&#8220; im unteren linken Teil des Anwendungsbildschirms klicken. Unter den vielen Optionen kann der Nutzer personenbezogene Daten durch Klicken auf &#8222;Pers\u00f6nliche Daten bearbeiten&#8220; \u00e4ndern. Alle vom Nutzer vorgenommenen \u00c4nderungen werden durch Klicken auf die Schaltfl\u00e4che \u201eSPEICHERN\u201c gespeichert.<\/p>\n<p class=\"MuiTypography-root MuiTypography-body1 MuiTypography-paragraph css-1gguskl\">Fragen zum Datenschutz k\u00f6nnen per E-Mail an\u00a0<a class=\"MuiTypography-root MuiTypography-inherit MuiLink-root MuiLink-underlineAlways css-1vlocnl\" href=\"mailto:cropoint@hrvatiizvanrh.hr\" target=\"_blank\" rel=\"noopener noreferrer\">cropoint@hrvatiizvanrh.hr<\/a>\u00a0gerichtet werden.<\/p>\n<p class=\"MuiTypography-root MuiTypography-body1 MuiTypography-paragraph css-1sygqeu\">Das Amt garantiert, dass die in Cropoint erhobenen Daten nur zu den im Formular beschriebenen Zwecken verwendet werden. In \u00dcbereinstimmung mit der Datenschutzrichtlinie wird das Amt ohne ausdr\u00fcckliche Zustimmung der Cropoint-Nutzer deren personenbezogene Daten nicht ver\u00f6ffentlichen oder an Dritte weitergeben. Bei Interesse Dritter (nat\u00fcrliche oder juristische Personen) an einer Verbindung und Zusammenarbeit wird die Entscheidung \u00fcber die Kontaktaufnahme den ausgew\u00e4hlten Nutzern von Cropoint \u00fcberlassen.<\/p>\n<p class=\"MuiTypography-root MuiTypography-body1 MuiTypography-paragraph css-1gguskl\">Das Amt \u00fcbernimmt keine Verantwortung f\u00fcr die Richtigkeit und Authentizit\u00e4t der von den Cropoint-Nutzern gemachten Eintr\u00e4ge. Die Administratoren werden den Inhalt von Cropoint regelm\u00e4\u00dfig \u00fcberpr\u00fcfen, einschlie\u00dflich der \u00dcberpr\u00fcfung von Meldungen \u00fcber unangemessene Inhalte oder b\u00f6swillige Nutzung von Cropoint. Jede Form von unangemessenen Inhalten, falschen Eintr\u00e4gen oder Hassrede wird entfernt, und jeder b\u00f6swillige Nutzer wird blockiert.<\/p>\t\t\t\t\t\t\t\t<\/div>\n\t\t\t\t<\/div>\n\t\t\t\t<\/div>\n\t\t\t\t<\/div>\n\t\t","protected":false},"excerpt":{"rendered":"<p>Datenschutzrichtlinien und Nutzungsbedingungen Sehr geehrte Nutzer der Cropoint-App, Ihre Registrierung bei Cropoint erm\u00f6glicht die Erfassung, Speicherung und Verarbeitung Ihrer pers\u00f6nlichen Daten. Verantwortlich f\u00fcr die Datenverarbeitung\u00a0ist das Zentralamt der Republik Kroatien f\u00fcr Kroaten au\u00dferhalb Kroatiens (das Amt). Cropoint umfasst zwei Formen der Datenerfassung \u00fcber Sie als nat\u00fcrliche oder juristische Person: Daten, die Sie w\u00e4hrend des Registrierungsprozesses [&hellip;]<\/p>\n","protected":false},"author":1,"featured_media":0,"parent":0,"menu_order":0,"comment_status":"closed","ping_status":"open","template":"","meta":{"footnotes":""},"class_list":["post-849","page","type-page","status-publish","hentry"],"_links":{"self":[{"href":"https:\/\/cropoint.com\/de\/wp-json\/wp\/v2\/pages\/849","targetHints":{"allow":["GET"]}}],"collection":[{"href":"https:\/\/cropoint.com\/de\/wp-json\/wp\/v2\/pages"}],"about":[{"href":"https:\/\/cropoint.com\/de\/wp-json\/wp\/v2\/types\/page"}],"author":[{"embeddable":true,"href":"https:\/\/cropoint.com\/de\/wp-json\/wp\/v2\/users\/1"}],"replies":[{"embeddable":true,"href":"https:\/\/cropoint.com\/de\/wp-json\/wp\/v2\/comments?post=849"}],"version-history":[{"count":4,"href":"https:\/\/cropoint.com\/de\/wp-json\/wp\/v2\/pages\/849\/revisions"}],"predecessor-version":[{"id":861,"href":"https:\/\/cropoint.com\/de\/wp-json\/wp\/v2\/pages\/849\/revisions\/861"}],"wp:attachment":[{"href":"https:\/\/cropoint.com\/de\/wp-json\/wp\/v2\/media?parent=849"}],"curies":[{"name":"wp","href":"https:\/\/api.w.org\/{rel}","templated":true}]}}